{"id":726,"date":"2025-10-27T15:39:04","date_gmt":"2025-10-27T14:39:04","guid":{"rendered":"https:\/\/regendsvall.com\/?page_id=726"},"modified":"2025-10-27T15:57:28","modified_gmt":"2025-10-27T14:57:28","slug":"catalogo-de-soluciones-regendsvall","status":"publish","type":"page","link":"https:\/\/regendsvall.com\/?page_id=726","title":{"rendered":"Cat\u00e1logo de Soluciones Regendsvall"},"content":{"rendered":"\t\t<div data-elementor-type=\"wp-page\" data-elementor-id=\"726\" class=\"elementor elementor-726\" data-elementor-post-type=\"page\">\n\t\t\t\t\t\t<section class=\"elementor-section elementor-top-section elementor-element elementor-element-dbdaa11 elementor-section-boxed elementor-section-height-default elementor-section-height-default\" data-id=\"dbdaa11\" data-element_type=\"section\" data-settings=\"{&quot;background_background&quot;:&quot;classic&quot;}\">\n\t\t\t\t\t\t\t<div class=\"elementor-background-overlay\"><\/div>\n\t\t\t\t\t\t\t<div class=\"elementor-container elementor-column-gap-default\">\n\t\t\t\t\t<div class=\"elementor-column elementor-col-100 elementor-top-column elementor-element elementor-element-671dfbb\" data-id=\"671dfbb\" data-element_type=\"column\">\n\t\t\t<div class=\"elementor-widget-wrap elementor-element-populated\">\n\t\t\t\t\t\t<div class=\"elementor-element elementor-element-7bed811 elementor-widget elementor-widget-heading\" data-id=\"7bed811\" data-element_type=\"widget\" data-widget_type=\"heading.default\">\n\t\t\t\t\t<h2 class=\"elementor-heading-title elementor-size-default\">Cat\u00e1logo: Soluciones de Regeneraci\u00f3n<\/h2>\t\t\t\t<\/div>\n\t\t\t\t<div class=\"elementor-element elementor-element-7f591cf elementor-widget elementor-widget-text-editor\" data-id=\"7f591cf\" data-element_type=\"widget\" data-widget_type=\"text-editor.default\">\n\t\t\t\t\t\t\t\t\t<p>Descubra la tecnolog\u00eda que est\u00e1 redefiniendo la eficiencia energ\u00e9tica. A continuaci\u00f3n, encontrar\u00e1 las especificaciones detalladas de nuestra gama completa de regeneradores, el n\u00facleo de nuestra soluci\u00f3n para la econom\u00eda circular.<\/p><p>Cada equipo es el resultado de a\u00f1os de innovaci\u00f3n, dise\u00f1ado para maximizar sus ahorros operativos y potenciar su compromiso con el medio ambiente, devolviendo a sus bater\u00edas una segunda vida \u00fatil.<\/p>\t\t\t\t\t\t\t\t<\/div>\n\t\t\t\t<div class=\"elementor-element elementor-element-0cc57cf elementor-widget elementor-widget-gallery\" data-id=\"0cc57cf\" data-element_type=\"widget\" data-settings=\"{&quot;gallery_layout&quot;:&quot;masonry&quot;,&quot;columns&quot;:2,&quot;lazyload&quot;:&quot;yes&quot;,&quot;columns_tablet&quot;:2,&quot;columns_mobile&quot;:1,&quot;gap&quot;:{&quot;unit&quot;:&quot;px&quot;,&quot;size&quot;:10,&quot;sizes&quot;:[]},&quot;gap_tablet&quot;:{&quot;unit&quot;:&quot;px&quot;,&quot;size&quot;:10,&quot;sizes&quot;:[]},&quot;gap_mobile&quot;:{&quot;unit&quot;:&quot;px&quot;,&quot;size&quot;:10,&quot;sizes&quot;:[]},&quot;link_to&quot;:&quot;file&quot;,&quot;content_hover_animation&quot;:&quot;fade-in&quot;}\" data-widget_type=\"gallery.default\">\n\t\t\t\t\t\t\t<div class=\"elementor-gallery__container\">\n\t\t\t\t\t\t\t<a class=\"e-gallery-item elementor-gallery-item elementor-animated-content\" href=\"https:\/\/regendsvall.com\/wp-content\/uploads\/2025\/10\/Interior-Catalogo_Pag1_Regendsvall_web.jpg\" data-elementor-open-lightbox=\"yes\" data-elementor-lightbox-slideshow=\"0cc57cf\" data-elementor-lightbox-title=\"Interior Catalogo_Pag1_Regendsvall_web\" data-e-action-hash=\"#elementor-action%3Aaction%3Dlightbox%26settings%3DeyJpZCI6NzM3LCJ1cmwiOiJodHRwczpcL1wvcmVnZW5kc3ZhbGwuY29tXC93cC1jb250ZW50XC91cGxvYWRzXC8yMDI1XC8xMFwvSW50ZXJpb3ItQ2F0YWxvZ29fUGFnMV9SZWdlbmRzdmFsbF93ZWIuanBnIiwic2xpZGVzaG93IjoiMGNjNTdjZiJ9\">\n\t\t\t\t\t<div class=\"e-gallery-image elementor-gallery-item__image\" data-thumbnail=\"https:\/\/regendsvall.com\/wp-content\/uploads\/2025\/10\/Interior-Catalogo_Pag1_Regendsvall_web.jpg\" data-width=\"1367\" data-height=\"1920\" aria-label=\"\" role=\"img\" ><\/div>\n\t\t\t\t\t\t\t\t\t\t\t\t\t\t<\/a>\n\t\t\t\t\t\t\t<a class=\"e-gallery-item elementor-gallery-item elementor-animated-content\" href=\"https:\/\/regendsvall.com\/wp-content\/uploads\/2025\/10\/Interior-Catalogo_Pag2_Regendsvall_web.jpg\" data-elementor-open-lightbox=\"yes\" data-elementor-lightbox-slideshow=\"0cc57cf\" data-elementor-lightbox-title=\"Interior Catalogo_Pag2_Regendsvall_web\" data-e-action-hash=\"#elementor-action%3Aaction%3Dlightbox%26settings%3DeyJpZCI6NzM4LCJ1cmwiOiJodHRwczpcL1wvcmVnZW5kc3ZhbGwuY29tXC93cC1jb250ZW50XC91cGxvYWRzXC8yMDI1XC8xMFwvSW50ZXJpb3ItQ2F0YWxvZ29fUGFnMl9SZWdlbmRzdmFsbF93ZWIuanBnIiwic2xpZGVzaG93IjoiMGNjNTdjZiJ9\">\n\t\t\t\t\t<div class=\"e-gallery-image elementor-gallery-item__image\" data-thumbnail=\"https:\/\/regendsvall.com\/wp-content\/uploads\/2025\/10\/Interior-Catalogo_Pag2_Regendsvall_web.jpg\" data-width=\"1359\" data-height=\"1920\" aria-label=\"\" role=\"img\" ><\/div>\n\t\t\t\t\t\t\t\t\t\t\t\t\t\t<\/a>\n\t\t\t\t\t<\/div>\n\t\t\t\t\t<\/div>\n\t\t\t\t\t<\/div>\n\t\t<\/div>\n\t\t\t\t\t<\/div>\n\t\t<\/section>\n\t\t\t\t<\/div>\n\t\t","protected":false},"excerpt":{"rendered":"<p>Cat\u00e1logo: Soluciones de Regeneraci\u00f3n Descubra la tecnolog\u00eda que est\u00e1 redefiniendo la eficiencia energ\u00e9tica. A continuaci\u00f3n, encontrar\u00e1 las especificaciones detalladas de [&hellip;]<\/p>\n","protected":false},"author":1,"featured_media":0,"parent":0,"menu_order":0,"comment_status":"closed","ping_status":"closed","template":"elementor_header_footer","meta":{"site-sidebar-layout":"no-sidebar","site-content-layout":"","ast-site-content-layout":"full-width-container","site-content-style":"default","site-sidebar-style":"default","ast-global-header-display":"","ast-banner-title-visibility":"","ast-main-header-display":"","ast-hfb-above-header-display":"","ast-hfb-below-header-display":"","ast-hfb-mobile-header-display":"","site-post-title":"","ast-breadcrumbs-content":"","ast-featured-img":"disabled","footer-sml-layout":"","theme-transparent-header-meta":"","adv-header-id-meta":"","stick-header-meta":"","header-above-stick-meta":"","header-main-stick-meta":"","header-below-stick-meta":"","astra-migrate-meta-layouts":"default","ast-page-background-enabled":"default","ast-page-background-meta":{"desktop":{"background-color":"var(--ast-global-color-5)","background-image":"","background-repeat":"repeat","background-position":"center center","background-size":"auto","background-attachment":"scroll","background-type":"","background-media":"","overlay-type":"","overlay-color":"","overlay-opacity":"","overlay-gradient":""},"tablet":{"background-color":"","background-image":"","background-repeat":"repeat","background-position":"center center","background-size":"auto","background-attachment":"scroll","background-type":"","background-media":"","overlay-type":"","overlay-color":"","overlay-opacity":"","overlay-gradient":""},"mobile":{"background-color":"","background-image":"","background-repeat":"repeat","background-position":"center center","background-size":"auto","background-attachment":"scroll","background-type":"","background-media":"","overlay-type":"","overlay-color":"","overlay-opacity":"","overlay-gradient":""}},"ast-content-background-meta":{"desktop":{"background-color":"var(--ast-global-color-4)","background-image":"","background-repeat":"repeat","background-position":"center center","background-size":"auto","background-attachment":"scroll","background-type":"","background-media":"","overlay-type":"","overlay-color":"","overlay-opacity":"","overlay-gradient":""},"tablet":{"background-color":"var(--ast-global-color-4)","background-image":"","background-repeat":"repeat","background-position":"center center","background-size":"auto","background-attachment":"scroll","background-type":"","background-media":"","overlay-type":"","overlay-color":"","overlay-opacity":"","overlay-gradient":""},"mobile":{"background-color":"var(--ast-global-color-4)","background-image":"","background-repeat":"repeat","background-position":"center center","background-size":"auto","background-attachment":"scroll","background-type":"","background-media":"","overlay-type":"","overlay-color":"","overlay-opacity":"","overlay-gradient":""}},"footnotes":""},"class_list":["post-726","page","type-page","status-publish","hentry"],"_links":{"self":[{"href":"https:\/\/regendsvall.com\/index.php?rest_route=\/wp\/v2\/pages\/726","targetHints":{"allow":["GET"]}}],"collection":[{"href":"https:\/\/regendsvall.com\/index.php?rest_route=\/wp\/v2\/pages"}],"about":[{"href":"https:\/\/regendsvall.com\/index.php?rest_route=\/wp\/v2\/types\/page"}],"author":[{"embeddable":true,"href":"https:\/\/regendsvall.com\/index.php?rest_route=\/wp\/v2\/users\/1"}],"replies":[{"embeddable":true,"href":"https:\/\/regendsvall.com\/index.php?rest_route=%2Fwp%2Fv2%2Fcomments&post=726"}],"version-history":[{"count":19,"href":"https:\/\/regendsvall.com\/index.php?rest_route=\/wp\/v2\/pages\/726\/revisions"}],"predecessor-version":[{"id":750,"href":"https:\/\/regendsvall.com\/index.php?rest_route=\/wp\/v2\/pages\/726\/revisions\/750"}],"wp:attachment":[{"href":"https:\/\/regendsvall.com\/index.php?rest_route=%2Fwp%2Fv2%2Fmedia&parent=726"}],"curies":[{"name":"wp","href":"https:\/\/api.w.org\/{rel}","templated":true}]}}